{"id":1411,"date":"2022-05-13T16:34:06","date_gmt":"2022-05-13T16:34:06","guid":{"rendered":"https:\/\/amirilogisticsservices.com\/?page_id=1411"},"modified":"2022-11-05T20:42:33","modified_gmt":"2022-11-05T20:42:33","slug":"about-us","status":"publish","type":"page","link":"https:\/\/amirilogisticsservices.com\/es_mx\/about-us\/","title":{"rendered":"About"},"content":{"rendered":"<div data-elementor-type=\"wp-post\" data-elementor-id=\"1411\" class=\"elementor elementor-1411\">\n\t\t\t\t\t\t<section class=\"elementor-section elementor-top-section elementor-element elementor-element-2428723 elementor-section-full_width elementor-section-stretched elementor-section-height-default elementor-section-height-default\" data-id=\"2428723\" data-element_type=\"section\" data-e-type=\"section\" data-settings=\"{&quot;stretch_section&quot;:&quot;section-stretched&quot;,&quot;background_background&quot;:&quot;classic&quot;}\">\n\t\t\t\t\t\t<div class=\"elementor-container elementor-column-gap-no\">\n\t\t\t\t\t<div class=\"elementor-column elementor-col-100 elementor-top-column elementor-element elementor-element-2b8e2ec\" data-id=\"2b8e2ec\" data-element_type=\"column\" data-e-type=\"column\">\n\t\t\t<div class=\"elementor-widget-wrap elementor-element-populated\">\n\t\t\t\t\t\t<div class=\"elementor-element elementor-element-3a24fb4 elementor-widget elementor-widget-spacer\" data-id=\"3a24fb4\" data-element_type=\"widget\" data-e-type=\"widget\" data-widget_type=\"spacer.default\">\n\t\t\t\t<div class=\"elementor-widget-container\">\n\t\t\t\t\t\t\t<div class=\"elementor-spacer\">\n\t\t\t<div class=\"elementor-spacer-inner\"><\/div>\n\t\t<\/div>\n\t\t\t\t\t\t<\/div>\n\t\t\t\t<\/div>\n\t\t\t\t\t<\/div>\n\t\t<\/div>\n\t\t\t\t\t<\/div>\n\t\t<\/section>\n\t\t\t\t<section class=\"elementor-section elementor-top-section elementor-element elementor-element-8167ce6 elementor-section-boxed elementor-section-height-default elementor-section-height-default\" data-id=\"8167ce6\" data-element_type=\"section\" data-e-type=\"section\">\n\t\t\t\t\t\t<div class=\"elementor-container elementor-column-gap-default\">\n\t\t\t\t\t<div class=\"elementor-column elementor-col-100 elementor-top-column elementor-element elementor-element-cb06b1b\" data-id=\"cb06b1b\" data-element_type=\"column\" data-e-type=\"column\">\n\t\t\t<div class=\"elementor-widget-wrap elementor-element-populated\">\n\t\t\t\t\t\t<div class=\"elementor-element elementor-element-18a04a4 elementor-widget elementor-widget-heading\" data-id=\"18a04a4\" data-element_type=\"widget\" data-e-type=\"widget\" data-widget_type=\"heading.default\">\n\t\t\t\t<div class=\"elementor-widget-container\">\n\t\t\t\t\t<h2 class=\"elementor-heading-title elementor-size-default\">DIRECTORA EJECUTIVA\n<\/h2>\t\t\t\t<\/div>\n\t\t\t\t<\/div>\n\t\t\t\t<div class=\"elementor-element elementor-element-c8d86dd elementor-widget elementor-widget-video\" data-id=\"c8d86dd\" data-element_type=\"widget\" data-e-type=\"widget\" data-settings=\"{&quot;video_type&quot;:&quot;hosted&quot;,&quot;controls&quot;:&quot;yes&quot;}\" data-widget_type=\"video.default\">\n\t\t\t\t<div class=\"elementor-widget-container\">\n\t\t\t\t\t\t\t<div class=\"e-hosted-video elementor-wrapper elementor-open-inline\">\n\t\t\t\t\t<video class=\"elementor-video\" src=\"https:\/\/amirilogisticsservices.com\/wp-content\/uploads\/2022\/04\/video-1649892165.mp4\" controls=\"\" preload=\"metadata\" controlslist=\"nodownload\"><\/video>\n\t\t\t\t<\/div>\n\t\t\t\t\t\t<\/div>\n\t\t\t\t<\/div>\n\t\t\t\t<div class=\"elementor-element elementor-element-9dfd338 elementor-widget elementor-widget-text-editor\" data-id=\"9dfd338\" data-element_type=\"widget\" data-e-type=\"widget\" data-widget_type=\"text-editor.default\">\n\t\t\t\t<div class=\"elementor-widget-container\">\n\t\t\t\t\t\t\t\t\t<p class=\"p1 translation-block\">El Sr. Ahmad Jamshid Amiri es el fundador y Director Ejecutivo de Amiri Logistics Services (en adelante, ALC). Fund\u00f3 la empresa el 16 de marzo de 2022 con el objetivo de facilitar las funciones de rutina de transporte en todo el pa\u00eds. En la actualidad, los miembros del equipo dedicados de ALC a trav\u00e9s de su objetivo unificado, esfuerzos coordinados y pasos de procedimiento fundamentados, han acelerado el proceso de papeleo y los objetivos del transportista. Todo el personal departamental a trav\u00e9s de una cadena de mando organizativa armonizada y v\u00edvida se ha sumado al flujo de trabajo transparente y fluido hacia la eficiencia y la eficacia.<\/span> <span class=\"s3\">Ofrecemos una amplia gama de soluciones de transporte y log\u00edstica. En ALC, ofrecemos y brindamos tres servicios diferentes, a saber, 1. Corretaje de carga 2. Transportista de carga 3. Despacho de carga.<\/p>\t\t\t\t\t\t\t\t<\/div>\n\t\t\t\t<\/div>\n\t\t\t\t\t<\/div>\n\t\t<\/div>\n\t\t\t\t\t<\/div>\n\t\t<\/section>\n\t\t\t\t<section class=\"elementor-section elementor-top-section elementor-element elementor-element-b31b73c elementor-section-boxed elementor-section-height-default elementor-section-height-default\" data-id=\"b31b73c\" data-element_type=\"section\" data-e-type=\"section\">\n\t\t\t\t\t\t<div class=\"elementor-container elementor-column-gap-default\">\n\t\t\t\t\t<div class=\"elementor-column elementor-col-100 elementor-top-column elementor-element elementor-element-56204bd\" data-id=\"56204bd\" data-element_type=\"column\" data-e-type=\"column\">\n\t\t\t<div class=\"elementor-widget-wrap\">\n\t\t\t\t\t\t\t<\/div>\n\t\t<\/div>\n\t\t\t\t\t<\/div>\n\t\t<\/section>\n\t\t\t\t<\/div>","protected":false},"excerpt":{"rendered":"<p>EXECUTIVE DIRECTOR https:\/\/amirilogisticsservices.com\/wp-content\/uploads\/2022\/04\/video-1649892165.mp4 Mr. Ahmad Jamshid Amiri is the founder and Executive Director of Amiri Logistics Services (hereinafter ALS). He founded the company on Mar 16th 2022 aiming to facilitate the transportation routine functions across the country. Presently, ALS dedicated team members through their unified goal, coordinated efforts and substantiated procedural steps, has expedited the &hellip;<\/p>\n<p class=\"read-more\"> <a class=\"\" href=\"https:\/\/amirilogisticsservices.com\/es_mx\/about-us\/\"> <span class=\"screen-reader-text\">About<\/span> Leer m\u00e1s &raquo;<\/a><\/p>","protected":false},"author":2,"featured_media":0,"parent":0,"menu_order":0,"comment_status":"closed","ping_status":"closed","template":"","meta":{"site-sidebar-layout":"no-sidebar","site-content-layout":"page-builder","ast-main-header-display":"","ast-hfb-above-header-display":"","ast-hfb-below-header-display":"","ast-hfb-mobile-header-display":"","site-post-title":"disabled","ast-breadcrumbs-content":"","ast-featured-img":"disabled","footer-sml-layout":"","theme-transparent-header-meta":"enabled","adv-header-id-meta":"","stick-header-meta":"","header-above-stick-meta":"","header-main-stick-meta":"","header-below-stick-meta":"","footnotes":""},"class_list":["post-1411","page","type-page","status-publish","hentry"],"_links":{"self":[{"href":"https:\/\/amirilogisticsservices.com\/es_mx\/wp-json\/wp\/v2\/pages\/1411","targetHints":{"allow":["GET"]}}],"collection":[{"href":"https:\/\/amirilogisticsservices.com\/es_mx\/wp-json\/wp\/v2\/pages"}],"about":[{"href":"https:\/\/amirilogisticsservices.com\/es_mx\/wp-json\/wp\/v2\/types\/page"}],"author":[{"embeddable":true,"href":"https:\/\/amirilogisticsservices.com\/es_mx\/wp-json\/wp\/v2\/users\/2"}],"replies":[{"embeddable":true,"href":"https:\/\/amirilogisticsservices.com\/es_mx\/wp-json\/wp\/v2\/comments?post=1411"}],"version-history":[{"count":29,"href":"https:\/\/amirilogisticsservices.com\/es_mx\/wp-json\/wp\/v2\/pages\/1411\/revisions"}],"predecessor-version":[{"id":1596,"href":"https:\/\/amirilogisticsservices.com\/es_mx\/wp-json\/wp\/v2\/pages\/1411\/revisions\/1596"}],"wp:attachment":[{"href":"https:\/\/amirilogisticsservices.com\/es_mx\/wp-json\/wp\/v2\/media?parent=1411"}],"curies":[{"name":"wp","href":"https:\/\/api.w.org\/{rel}","templated":true}]}}