{"id":773,"date":"2022-04-11T20:07:40","date_gmt":"2022-04-11T20:07:40","guid":{"rendered":"https:\/\/amirilogisticsservices.com\/?page_id=773"},"modified":"2022-11-14T22:28:58","modified_gmt":"2022-11-14T22:28:58","slug":"equal-employment-opportunity","status":"publish","type":"page","link":"https:\/\/amirilogisticsservices.com\/es_mx\/equal-employment-opportunity\/","title":{"rendered":"Igualdad de Oportunidades en el Empleo"},"content":{"rendered":"<div data-elementor-type=\"wp-page\" data-elementor-id=\"773\" class=\"elementor elementor-773\">\n\t\t\t\t\t\t<section class=\"elementor-section elementor-top-section elementor-element elementor-element-6b616888 elementor-section-boxed elementor-section-height-default elementor-section-height-default\" data-id=\"6b616888\" data-element_type=\"section\" data-e-type=\"section\">\n\t\t\t\t\t\t<div class=\"elementor-container elementor-column-gap-default\">\n\t\t\t\t\t<div class=\"elementor-column elementor-col-100 elementor-top-column elementor-element elementor-element-542e22fc\" data-id=\"542e22fc\" data-element_type=\"column\" data-e-type=\"column\">\n\t\t\t<div class=\"elementor-widget-wrap elementor-element-populated\">\n\t\t\t\t\t\t<div class=\"elementor-element elementor-element-13563029 elementor-widget elementor-widget-text-editor\" data-id=\"13563029\" data-element_type=\"widget\" data-e-type=\"widget\" data-widget_type=\"text-editor.default\">\n\t\t\t\t<div class=\"elementor-widget-container\">\n\t\t\t\t\t\t\t\t\t<p><\/p>\n<p class=\"has-drop-cap\">Amiri Logistics Services (en adelante ALS) afirma su creencia en la igualdad de oportunidades de empleo para todos los empleados y solicitantes de empleo en todos los t\u00e9rminos y condiciones de empleo. ALS se compromete a cumplir con todas las leyes y reglamentaciones gubernamentales aplicables. ALS recluta, contrata, compensa, ofrece beneficios, mejora, capacita, despide, despide y\/o promueve a personas sin discriminaci\u00f3n por motivos de raza, color, religi\u00f3n, sexo, origen nacional, edad, orientaci\u00f3n sexual, identidad de g\u00e9nero, condici\u00f3n de individuo calificado con una discapacidad, condici\u00f3n de veterano protegido u otras bases protegidas por la ley aplicable.<\/p><p class=\"has-drop-cap\"><br><\/p>\n<p class=\"has-drop-cap\">ALS tambi\u00e9n ofrece adaptaciones razonables en el empleo de personas con discapacidades.\u00a0Si necesita ayuda en el proceso de solicitud\ndebido a una discapacidad, puede solicitar adaptaciones en cualquier momento llamando al +1-916-320-4246 y\/o enviando un correo\nelectr\u00f3nico a hr.broker@amirilogisticsservices.com \/ hr.carrier@amirilogisticsservices.com.<\/p>\n<p><\/p>\t\t\t\t\t\t\t\t<\/div>\n\t\t\t\t<\/div>\n\t\t\t\t\t<\/div>\n\t\t<\/div>\n\t\t\t\t\t<\/div>\n\t\t<\/section>\n\t\t\t\t<\/div>","protected":false},"excerpt":{"rendered":"<p>Amiri Logistics Services (Hereinafter ALS) affirms its belief in equal employment opportunity for all employees and applicants for employment in all terms and conditions of employment. ALS is committed to comply with all applicable government laws and regulations. ALS recruits, hires, compensates, offer benefits, upgrades, trains, layoffs, terminates, and\/or promote individuals without discrimination regarding race, &hellip;<\/p>\n<p class=\"read-more\"> <a class=\"\" href=\"https:\/\/amirilogisticsservices.com\/es_mx\/equal-employment-opportunity\/\"> <span class=\"screen-reader-text\">Igualdad de Oportunidades en el Empleo<\/span> Leer m\u00e1s &raquo;<\/a><\/p>","protected":false},"author":1,"featured_media":0,"parent":0,"menu_order":0,"comment_status":"closed","ping_status":"closed","template":"","meta":{"site-sidebar-layout":"default","site-content-layout":"default","ast-main-header-display":"","ast-hfb-above-header-display":"","ast-hfb-below-header-display":"","ast-hfb-mobile-header-display":"","site-post-title":"","ast-breadcrumbs-content":"","ast-featured-img":"","footer-sml-layout":"","theme-transparent-header-meta":"","adv-header-id-meta":"","stick-header-meta":"","header-above-stick-meta":"","header-main-stick-meta":"","header-below-stick-meta":"","footnotes":""},"class_list":["post-773","page","type-page","status-publish","hentry"],"_links":{"self":[{"href":"https:\/\/amirilogisticsservices.com\/es_mx\/wp-json\/wp\/v2\/pages\/773","targetHints":{"allow":["GET"]}}],"collection":[{"href":"https:\/\/amirilogisticsservices.com\/es_mx\/wp-json\/wp\/v2\/pages"}],"about":[{"href":"https:\/\/amirilogisticsservices.com\/es_mx\/wp-json\/wp\/v2\/types\/page"}],"author":[{"embeddable":true,"href":"https:\/\/amirilogisticsservices.com\/es_mx\/wp-json\/wp\/v2\/users\/1"}],"replies":[{"embeddable":true,"href":"https:\/\/amirilogisticsservices.com\/es_mx\/wp-json\/wp\/v2\/comments?post=773"}],"version-history":[{"count":8,"href":"https:\/\/amirilogisticsservices.com\/es_mx\/wp-json\/wp\/v2\/pages\/773\/revisions"}],"predecessor-version":[{"id":1621,"href":"https:\/\/amirilogisticsservices.com\/es_mx\/wp-json\/wp\/v2\/pages\/773\/revisions\/1621"}],"wp:attachment":[{"href":"https:\/\/amirilogisticsservices.com\/es_mx\/wp-json\/wp\/v2\/media?parent=773"}],"curies":[{"name":"wp","href":"https:\/\/api.w.org\/{rel}","templated":true}]}}