{"id":959,"date":"2022-04-19T00:52:54","date_gmt":"2022-04-19T00:52:54","guid":{"rendered":"https:\/\/amirilogisticsservices.com\/?page_id=959"},"modified":"2022-05-07T17:14:06","modified_gmt":"2022-05-07T17:14:06","slug":"freight-brokerage-2","status":"publish","type":"page","link":"https:\/\/amirilogisticsservices.com\/es_mx\/freight-brokerage-2\/","title":{"rendered":"Corretaje de carga"},"content":{"rendered":"<div data-elementor-type=\"wp-page\" data-elementor-id=\"959\" class=\"elementor elementor-959\">\n\t\t\t\t\t\t<section class=\"elementor-section elementor-top-section elementor-element elementor-element-4eb3fee elementor-section-boxed elementor-section-height-default elementor-section-height-default\" data-id=\"4eb3fee\" data-element_type=\"section\" data-e-type=\"section\">\n\t\t\t\t\t\t<div class=\"elementor-container elementor-column-gap-default\">\n\t\t\t\t\t<div class=\"elementor-column elementor-col-50 elementor-top-column elementor-element elementor-element-f14086a\" data-id=\"f14086a\" data-element_type=\"column\" data-e-type=\"column\">\n\t\t\t<div class=\"elementor-widget-wrap elementor-element-populated\">\n\t\t\t\t\t\t<div class=\"elementor-element elementor-element-cbe72ae elementor-widget elementor-widget-text-editor\" data-id=\"cbe72ae\" data-element_type=\"widget\" data-e-type=\"widget\" data-widget_type=\"text-editor.default\">\n\t\t\t\t<div class=\"elementor-widget-container\">\n\t\t\t\t\t\t\t\t\t<h2>Corretaje de carga<\/h2>\n<p style=\"margin-bottom: 0px; text-align: justify; font-style: normal; font-variant-numeric: normal; font-variant-east-asian: normal; font-weight: 400; font-stretch: normal; font-size: 12px; line-height: normal; font-family: Arial; color: rgb(0, 0, 0);\"><span style=\"letter-spacing: 0.1px;\"><b>Le preocupa c\u00f3mo enviar su carga a destino? No te preocupes, estamos aqu\u00ed para ayudarte.<\/b><\/span><\/p><p style=\"margin-bottom: 0px; text-align: justify; font-style: normal; font-variant-numeric: normal; font-variant-east-asian: normal; font-weight: 400; font-stretch: normal; font-size: 12px; line-height: normal; font-family: Arial; color: rgb(0, 0, 0);\"><span style=\"letter-spacing: 0.1px;\"><b><span>&nbsp;<\/span><\/b><\/span><\/p>\n<p class=\"translation-block\">Amiri Logistics Services (en adelante, ALS) ofrece tres soluciones diferentes, a saber, (1) Corretaje de carga (2) Transportista de carga (3) Despacho de carga. Brindamos un servicio vital todo en uno. Adem\u00e1s, ALS funciona como una log\u00edstica de terceros (3PL) donde ofrece servicios de corretaje de carga con un cargo fijo del 14 % para empresas peque\u00f1as y grandes en todo el pa\u00eds y que tienen experiencia en una amplia gama de industrias. ALS conecta a los transportistas con la capacidad disponible a clientes\/cargadores\/clientes que necesitan ofrecer env\u00edo de su carga general.<\/p>\n<p>Como un servicio transaccional basado en relaciones, los servicios de corretaje de carga requieren una comunicaci\u00f3n confiable entre el 3PL, el transportista, los agentes de carga y el remitente. ALS est\u00e1 determinado por las relaciones a largo plazo con transportistas confiables y cargadores que a menudo necesitan servicios de corretaje de carga. Nuestro experimentado equipo est\u00e1 actuando con rapidez para respaldar los eslabones faltantes en las cadenas de suministro optimizadas.<\/p>\t\t\t\t\t\t\t\t<\/div>\n\t\t\t\t<\/div>\n\t\t\t\t<div class=\"elementor-element elementor-element-97e4787 elementor-widget elementor-widget-image\" data-id=\"97e4787\" data-element_type=\"widget\" data-e-type=\"widget\" data-widget_type=\"image.default\">\n\t\t\t\t<div class=\"elementor-widget-container\">\n\t\t\t\t\t\t\t\t\t\t\t\t\t\t\t<img fetchpriority=\"high\" decoding=\"async\" width=\"1280\" height=\"853\" src=\"https:\/\/amirilogisticsservices.com\/wp-content\/uploads\/2022\/04\/truck-freight-transportation-2677373-1.jpg\" class=\"attachment-1536x1536 size-1536x1536 wp-image-1026\" alt=\"truck, freight, transportation-2677373.jpg\" srcset=\"https:\/\/amirilogisticsservices.com\/wp-content\/uploads\/2022\/04\/truck-freight-transportation-2677373-1.jpg 1280w, https:\/\/amirilogisticsservices.com\/wp-content\/uploads\/2022\/04\/truck-freight-transportation-2677373-1-300x200.jpg 300w, https:\/\/amirilogisticsservices.com\/wp-content\/uploads\/2022\/04\/truck-freight-transportation-2677373-1-1024x682.jpg 1024w, https:\/\/amirilogisticsservices.com\/wp-content\/uploads\/2022\/04\/truck-freight-transportation-2677373-1-768x512.jpg 768w\" sizes=\"(max-width: 1280px) 100vw, 1280px\" \/>\t\t\t\t\t\t\t\t\t\t\t\t\t\t\t<\/div>\n\t\t\t\t<\/div>\n\t\t\t\t\t<\/div>\n\t\t<\/div>\n\t\t\t\t<div class=\"elementor-column elementor-col-50 elementor-top-column elementor-element elementor-element-95ac771\" data-id=\"95ac771\" data-element_type=\"column\" data-e-type=\"column\">\n\t\t\t<div class=\"elementor-widget-wrap elementor-element-populated\">\n\t\t\t\t\t\t<div class=\"elementor-element elementor-element-03c2e14 elementor-widget elementor-widget-text-editor\" data-id=\"03c2e14\" data-element_type=\"widget\" data-e-type=\"widget\" data-widget_type=\"text-editor.default\">\n\t\t\t\t<div class=\"elementor-widget-container\">\n\t\t\t\t\t\t\t\t\t<div class=\"translation-block\">Las siguientes son las partes clave de nuestra misi\u00f3n.<\/div>\n<div><span style=\"background-color: var(--ast-global-color-4); color: var(--ast-global-color-3); font-size: 1rem;\"><b>&nbsp;<\/b><\/span><\/div>\n<ul style=\"font-size: 16px; font-style: normal; font-weight: 400;\">\n<li class=\"li1\">Plan de pago flexible<\/li>\n<li class=\"li1\">S\u00f3lida red de operadores<\/li>\n<li class=\"li2\">Tecnolog\u00eda l\u00edder en la industria<\/li>\n<li class=\"li2\">Lista robusta de clientes leales<\/li>\n<li class=\"li1\">Satisfacci\u00f3n de los cargadores, agentes de carga y transportistas en la cima<span class=\"Apple-converted-space\">&nbsp;<\/span><\/li>\n<\/ul>\t\t\t\t\t\t\t\t<\/div>\n\t\t\t\t<\/div>\n\t\t\t\t<div class=\"elementor-element elementor-element-f0bba33 elementor-widget elementor-widget-image\" data-id=\"f0bba33\" data-element_type=\"widget\" data-e-type=\"widget\" data-widget_type=\"image.default\">\n\t\t\t\t<div class=\"elementor-widget-container\">\n\t\t\t\t\t\t\t\t\t\t\t\t\t\t\t<img decoding=\"async\" width=\"1024\" height=\"578\" src=\"https:\/\/amirilogisticsservices.com\/wp-content\/uploads\/2022\/04\/IMG_1104-1024x578.jpg\" class=\"attachment-large size-large wp-image-1278\" alt=\"\" srcset=\"https:\/\/amirilogisticsservices.com\/wp-content\/uploads\/2022\/04\/IMG_1104-1024x578.jpg 1024w, https:\/\/amirilogisticsservices.com\/wp-content\/uploads\/2022\/04\/IMG_1104-300x169.jpg 300w, https:\/\/amirilogisticsservices.com\/wp-content\/uploads\/2022\/04\/IMG_1104-768x433.jpg 768w, https:\/\/amirilogisticsservices.com\/wp-content\/uploads\/2022\/04\/IMG_1104.jpg 1242w\" sizes=\"(max-width: 1024px) 100vw, 1024px\" \/>\t\t\t\t\t\t\t\t\t\t\t\t\t\t\t<\/div>\n\t\t\t\t<\/div>\n\t\t\t\t\t<\/div>\n\t\t<\/div>\n\t\t\t\t\t<\/div>\n\t\t<\/section>\n\t\t\t\t<\/div>","protected":false},"excerpt":{"rendered":"<p>Freight Brokerage Are you concerned of how to ship your freight to destination? No worries, we are here to help. &nbsp; Amiri Logistics Services (hereinafter ALS) offers three different solutions, namely, (1) Freight Brokerage (2) Freight Carrier (3) Freight Dispatch. We provide as vital all-in-one Service. Plus, ALS functions as a Third-Party Logistics (3PL) where &hellip;<\/p>\n<p class=\"read-more\"> <a class=\"\" href=\"https:\/\/amirilogisticsservices.com\/es_mx\/freight-brokerage-2\/\"> <span class=\"screen-reader-text\">Corretaje de carga<\/span> Leer m\u00e1s &raquo;<\/a><\/p>","protected":false},"author":1,"featured_media":0,"parent":0,"menu_order":0,"comment_status":"closed","ping_status":"closed","template":"","meta":{"site-sidebar-layout":"no-sidebar","site-content-layout":"page-builder","ast-main-header-display":"","ast-hfb-above-header-display":"","ast-hfb-below-header-display":"","ast-hfb-mobile-header-display":"","site-post-title":"disabled","ast-breadcrumbs-content":"","ast-featured-img":"disabled","footer-sml-layout":"","theme-transparent-header-meta":"","adv-header-id-meta":"","stick-header-meta":"","header-above-stick-meta":"","header-main-stick-meta":"","header-below-stick-meta":"","footnotes":""},"class_list":["post-959","page","type-page","status-publish","hentry"],"_links":{"self":[{"href":"https:\/\/amirilogisticsservices.com\/es_mx\/wp-json\/wp\/v2\/pages\/959","targetHints":{"allow":["GET"]}}],"collection":[{"href":"https:\/\/amirilogisticsservices.com\/es_mx\/wp-json\/wp\/v2\/pages"}],"about":[{"href":"https:\/\/amirilogisticsservices.com\/es_mx\/wp-json\/wp\/v2\/types\/page"}],"author":[{"embeddable":true,"href":"https:\/\/amirilogisticsservices.com\/es_mx\/wp-json\/wp\/v2\/users\/1"}],"replies":[{"embeddable":true,"href":"https:\/\/amirilogisticsservices.com\/es_mx\/wp-json\/wp\/v2\/comments?post=959"}],"version-history":[{"count":70,"href":"https:\/\/amirilogisticsservices.com\/es_mx\/wp-json\/wp\/v2\/pages\/959\/revisions"}],"predecessor-version":[{"id":1342,"href":"https:\/\/amirilogisticsservices.com\/es_mx\/wp-json\/wp\/v2\/pages\/959\/revisions\/1342"}],"wp:attachment":[{"href":"https:\/\/amirilogisticsservices.com\/es_mx\/wp-json\/wp\/v2\/media?parent=959"}],"curies":[{"name":"wp","href":"https:\/\/api.w.org\/{rel}","templated":true}]}}